{"id":39,"date":"2022-07-13T15:36:44","date_gmt":"2022-07-13T12:36:44","guid":{"rendered":"https:\/\/bethlennegyed.ro\/?page_id=39"},"modified":"2026-01-14T17:54:31","modified_gmt":"2026-01-14T14:54:31","slug":"lelkeszi-hivatal-2","status":"publish","type":"page","link":"http:\/\/bethlennegyed.ro\/?page_id=39","title":{"rendered":"Lelk\u00e9szi Hivatal"},"content":{"rendered":"\t\t<div data-elementor-type=\"wp-page\" data-elementor-id=\"39\" class=\"elementor elementor-39\">\n\t\t\t\t\t\t<section class=\"elementor-section elementor-top-section elementor-element elementor-element-ab82820 elementor-section-boxed elementor-section-height-default elementor-section-height-default\" data-id=\"ab82820\" data-element_type=\"section\" data-e-type=\"section\">\n\t\t\t\t\t\t<div class=\"elementor-container elementor-column-gap-default\">\n\t\t\t\t\t<div class=\"elementor-column elementor-col-100 elementor-top-column elementor-element elementor-element-d3625c9\" data-id=\"d3625c9\" data-element_type=\"column\" data-e-type=\"column\">\n\t\t\t<div class=\"elementor-widget-wrap elementor-element-populated\">\n\t\t\t\t\t\t<section class=\"elementor-section elementor-inner-section elementor-element elementor-element-559c19a elementor-section-boxed elementor-section-height-default elementor-section-height-default\" data-id=\"559c19a\" data-element_type=\"section\" data-e-type=\"section\">\n\t\t\t\t\t\t<div class=\"elementor-container elementor-column-gap-default\">\n\t\t\t\t\t<div class=\"elementor-column elementor-col-50 elementor-inner-column elementor-element elementor-element-57abe7a\" data-id=\"57abe7a\" data-element_type=\"column\" data-e-type=\"column\">\n\t\t\t<div class=\"elementor-widget-wrap elementor-element-populated\">\n\t\t\t\t\t\t<div class=\"elementor-element elementor-element-236e2ae elementor-align-center elementor-widget elementor-widget-button\" data-id=\"236e2ae\" data-element_type=\"widget\" data-e-type=\"widget\" id=\"top\" data-widget_type=\"button.default\">\n\t\t\t\t<div class=\"elementor-widget-container\">\n\t\t\t\t\t\t\t\t\t<div class=\"elementor-button-wrapper\">\n\t\t\t\t\t<a class=\"elementor-button elementor-button-link elementor-size-lg\" href=\"#program\">\n\t\t\t\t\t\t<span class=\"elementor-button-content-wrapper\">\n\t\t\t\t\t\t\t\t\t<span class=\"elementor-button-text\">Program<\/span>\n\t\t\t\t\t<\/span>\n\t\t\t\t\t<\/a>\n\t\t\t\t<\/div>\n\t\t\t\t\t\t\t\t<\/div>\n\t\t\t\t<\/div>\n\t\t\t\t<div class=\"elementor-element elementor-element-1745877 elementor-align-center elementor-widget elementor-widget-button\" data-id=\"1745877\" data-element_type=\"widget\" data-e-type=\"widget\" data-widget_type=\"button.default\">\n\t\t\t\t<div class=\"elementor-widget-container\">\n\t\t\t\t\t\t\t\t\t<div class=\"elementor-button-wrapper\">\n\t\t\t\t\t<a class=\"elementor-button elementor-button-link elementor-size-lg\" href=\"#kapcsolat\">\n\t\t\t\t\t\t<span class=\"elementor-button-content-wrapper\">\n\t\t\t\t\t\t\t\t\t<span class=\"elementor-button-text\">Kapcsolat<\/span>\n\t\t\t\t\t<\/span>\n\t\t\t\t\t<\/a>\n\t\t\t\t<\/div>\n\t\t\t\t\t\t\t\t<\/div>\n\t\t\t\t<\/div>\n\t\t\t\t\t<\/div>\n\t\t<\/div>\n\t\t\t\t<div class=\"elementor-column elementor-col-50 elementor-inner-column elementor-element elementor-element-6bd92ed\" data-id=\"6bd92ed\" data-element_type=\"column\" data-e-type=\"column\">\n\t\t\t<div class=\"elementor-widget-wrap elementor-element-populated\">\n\t\t\t\t\t\t<div class=\"elementor-element elementor-element-7f9a3db elementor-align-center elementor-widget elementor-widget-button\" data-id=\"7f9a3db\" data-element_type=\"widget\" data-e-type=\"widget\" data-widget_type=\"button.default\">\n\t\t\t\t<div class=\"elementor-widget-container\">\n\t\t\t\t\t\t\t\t\t<div class=\"elementor-button-wrapper\">\n\t\t\t\t\t<a class=\"elementor-button elementor-button-link elementor-size-lg\" href=\"#hivatal\">\n\t\t\t\t\t\t<span class=\"elementor-button-content-wrapper\">\n\t\t\t\t\t\t\t\t\t<span class=\"elementor-button-text\">Lelk\u00e9szi Hivatal<\/span>\n\t\t\t\t\t<\/span>\n\t\t\t\t\t<\/a>\n\t\t\t\t<\/div>\n\t\t\t\t\t\t\t\t<\/div>\n\t\t\t\t<\/div>\n\t\t\t\t<div class=\"elementor-element elementor-element-c822e72 elementor-align-center elementor-widget elementor-widget-button\" data-id=\"c822e72\" data-element_type=\"widget\" data-e-type=\"widget\" data-widget_type=\"button.default\">\n\t\t\t\t<div class=\"elementor-widget-container\">\n\t\t\t\t\t\t\t\t\t<div class=\"elementor-button-wrapper\">\n\t\t\t\t\t<a class=\"elementor-button elementor-button-link elementor-size-lg\" href=\"#templom\">\n\t\t\t\t\t\t<span class=\"elementor-button-content-wrapper\">\n\t\t\t\t\t\t\t\t\t<span class=\"elementor-button-text\">A Templom<\/span>\n\t\t\t\t\t<\/span>\n\t\t\t\t\t<\/a>\n\t\t\t\t<\/div>\n\t\t\t\t\t\t\t\t<\/div>\n\t\t\t\t<\/div>\n\t\t\t\t\t<\/div>\n\t\t<\/div>\n\t\t\t\t\t<\/div>\n\t\t<\/section>\n\t\t\t\t<div class=\"elementor-element elementor-element-f021af1 elementor-widget elementor-widget-text-editor\" data-id=\"f021af1\" data-element_type=\"widget\" data-e-type=\"widget\" id=\"program\" data-widget_type=\"text-editor.default\">\n\t\t\t\t<div class=\"elementor-widget-container\">\n\t\t\t\t\t\t\t\t\t<p><strong><u>A Lelk\u00e9szi Hivatal programja<\/u><\/strong><\/p><p>A Lelk\u00e9szi Hivatal a h\u00e9t minden munkanapj\u00e1n nyitva van. Programja:<\/p><p><strong>H\u00e9tf\u0151<\/strong><br \/><strong>13:00-19:00<br \/><\/strong><strong>Kedd<\/strong><br \/><strong>09:00-14:00<br \/><\/strong><strong>Szerda<\/strong><br \/><strong>09:00-14:00<br \/><\/strong><strong>Cs\u00fct\u00f6rt\u00f6k<\/strong><br \/><strong>13:00-19:00<br \/><\/strong><strong>P\u00e9ntek<\/strong><br \/><strong>09:00-14:00<\/strong><\/p><p>A nevezett id\u0151pontokon k\u00edv\u00fcl az istentiszteletek el\u0151tt \u00e9s ut\u00e1na is nyitva van a lelk\u00e9szi hivatal.<\/p>\t\t\t\t\t\t\t\t<\/div>\n\t\t\t\t<\/div>\n\t\t\t\t<div class=\"elementor-element elementor-element-9761d24 elementor-widget elementor-widget-image\" data-id=\"9761d24\" data-element_type=\"widget\" data-e-type=\"widget\" data-widget_type=\"image.default\">\n\t\t\t\t<div class=\"elementor-widget-container\">\n\t\t\t\t\t\t\t\t\t\t\t\t\t\t\t\t<a href=\"#top\">\n\t\t\t\t\t\t\t<img decoding=\"async\" width=\"150\" height=\"150\" src=\"https:\/\/bethlennegyed.ro\/wp-content\/uploads\/2022\/07\/output-onlinepngtools-150x150.png\" class=\"attachment-thumbnail size-thumbnail wp-image-245\" alt=\"\" \/>\t\t\t\t\t\t\t\t<\/a>\n\t\t\t\t\t\t\t\t\t\t\t\t\t\t\t<\/div>\n\t\t\t\t<\/div>\n\t\t\t\t<div class=\"elementor-element elementor-element-5b62522 elementor-widget elementor-widget-text-editor\" data-id=\"5b62522\" data-element_type=\"widget\" data-e-type=\"widget\" id=\"kapcsolat\" data-widget_type=\"text-editor.default\">\n\t\t\t\t<div class=\"elementor-widget-container\">\n\t\t\t\t\t\t\t\t\t<p><strong><u>Kapcsolat<\/u><\/strong><\/p><p>Sz\u00e9kelyudvarhely, Cip\u00e9szek utca 16. sz\u00e1m<br \/>Csak nyitvatart\u00e1si id\u0151ben el\u00e9rhet\u0151 vezet\u00e9kes telefonsz\u00e1m: +40 266\u00a0215 627<br \/>Hivatali id\u0151ben \u00e9s kiz\u00e1r\u00f3lag rendk\u00edv\u00fcli esetek sz\u00e1m\u00e1ra fenntartott mobilsz\u00e1m: +40 745\u00a0508 499<br \/>E-mail: bethlennegyed@gmail.com<\/p>\t\t\t\t\t\t\t\t<\/div>\n\t\t\t\t<\/div>\n\t\t\t\t<div class=\"elementor-element elementor-element-29d2f5b elementor-widget elementor-widget-image\" data-id=\"29d2f5b\" data-element_type=\"widget\" data-e-type=\"widget\" data-widget_type=\"image.default\">\n\t\t\t\t<div class=\"elementor-widget-container\">\n\t\t\t\t\t\t\t\t\t\t\t\t\t\t\t\t<a href=\"#top\">\n\t\t\t\t\t\t\t<img decoding=\"async\" width=\"150\" height=\"150\" src=\"https:\/\/bethlennegyed.ro\/wp-content\/uploads\/2022\/07\/output-onlinepngtools-150x150.png\" class=\"attachment-thumbnail size-thumbnail wp-image-245\" alt=\"\" \/>\t\t\t\t\t\t\t\t<\/a>\n\t\t\t\t\t\t\t\t\t\t\t\t\t\t\t<\/div>\n\t\t\t\t<\/div>\n\t\t\t\t<div class=\"elementor-element elementor-element-3e1cefe elementor-widget elementor-widget-text-editor\" data-id=\"3e1cefe\" data-element_type=\"widget\" data-e-type=\"widget\" id=\"hivatal\" data-widget_type=\"text-editor.default\">\n\t\t\t\t<div class=\"elementor-widget-container\">\n\t\t\t\t\t\t\t\t\t<p><strong><u>A Lelk\u00e9szi Hivatal<\/u><\/strong><\/p><p>A Lelk\u00e9szi Hivatal a Templom m\u00f6g\u00f6tt tal\u00e1lhat\u00f3, a templomhoz hozz\u00e1\u00e9p\u00edtett \u00e9p\u00fclet, amelynek als\u00f3 szintje<br \/>gy\u00fclekezeti c\u00e9lokra haszn\u00e1lt, emelete pedig a lelkip\u00e1sztori lak\u00e1snak (par\u00f3ki\u00e1nak) ad helyet.<br \/>Az oldals\u00f3 bej\u00e1raton lehet bel\u00e9pni.<br \/>Ha az ajt\u00f3 z\u00e1rva, csengetni kell.<\/p>\t\t\t\t\t\t\t\t<\/div>\n\t\t\t\t<\/div>\n\t\t\t\t<div class=\"elementor-element elementor-element-95aa5ac elementor-widget elementor-widget-image\" data-id=\"95aa5ac\" data-element_type=\"widget\" data-e-type=\"widget\" data-widget_type=\"image.default\">\n\t\t\t\t<div class=\"elementor-widget-container\">\n\t\t\t\t\t\t\t\t\t\t\t\t\t\t\t\t<a href=\"#top\">\n\t\t\t\t\t\t\t<img decoding=\"async\" width=\"150\" height=\"150\" src=\"https:\/\/bethlennegyed.ro\/wp-content\/uploads\/2022\/07\/output-onlinepngtools-150x150.png\" class=\"attachment-thumbnail size-thumbnail wp-image-245\" alt=\"\" \/>\t\t\t\t\t\t\t\t<\/a>\n\t\t\t\t\t\t\t\t\t\t\t\t\t\t\t<\/div>\n\t\t\t\t<\/div>\n\t\t\t\t<div class=\"elementor-element elementor-element-5449483 elementor-widget elementor-widget-text-editor\" data-id=\"5449483\" data-element_type=\"widget\" data-e-type=\"widget\" id=\"templom\" data-widget_type=\"text-editor.default\">\n\t\t\t\t<div class=\"elementor-widget-container\">\n\t\t\t\t\t\t\t\t\t<p><strong><u>A templom<\/u><\/strong><\/p><p>A Sz\u00e9kelyudvarhely III. Reform\u00e1tus Egyh\u00e1zk\u00f6zs\u00e9g sokak \u00e1ltal csak Bethlen-negyedi vagy bethlenfalvik\u00e9nt<br \/>ismert. A templom egy kaz\u00e1nh\u00e1zb\u00f3l \u00e1t\u00e9p\u00edtett \u00e9p\u00fclet, amely a Lakatosok utca t\u00f6mbh\u00e1zai m\u00f6g\u00f6tt tal\u00e1lhat\u00f3. Tulajdonk\u00e9ppen a<br \/>Lakatosok, Cip\u00e9szek \u00e9s Gy\u0151zelem utc\u00e1k m\u00f6g\u00f6tti bels\u0151 udvaron van. C\u00edme: Cip\u00e9szek 16. sz\u00e1m.<br \/>Aut\u00f3val, a Cip\u00e9szek utc\u00e1b\u00f3l kell bet\u00e9rni. Felismerhet\u0151 a kapuban l\u00e9v\u0151 harangl\u00e1br\u00f3l, amelyet V\u00e1rdai Zsolt tervezett.<\/p>\t\t\t\t\t\t\t\t<\/div>\n\t\t\t\t<\/div>\n\t\t\t\t<div class=\"elementor-element elementor-element-7bb2376 elementor-widget elementor-widget-google_maps\" data-id=\"7bb2376\" data-element_type=\"widget\" data-e-type=\"widget\" data-widget_type=\"google_maps.default\">\n\t\t\t\t<div class=\"elementor-widget-container\">\n\t\t\t\t\t\t\t<div class=\"elementor-custom-embed\">\n\t\t\t<iframe loading=\"lazy\"\n\t\t\t\t\tsrc=\"https:\/\/maps.google.com\/maps?q=Cip%C3%A9szek%20utca%2016%2C%20Sz%C3%A9kelyudvarhely&#038;t=m&#038;z=14&#038;output=embed&#038;iwloc=near\"\n\t\t\t\t\ttitle=\"Cip\u00e9szek utca 16, Sz\u00e9kelyudvarhely\"\n\t\t\t\t\taria-label=\"Cip\u00e9szek utca 16, Sz\u00e9kelyudvarhely\"\n\t\t\t><\/iframe>\n\t\t<\/div>\n\t\t\t\t\t\t<\/div>\n\t\t\t\t<\/div>\n\t\t\t\t<div class=\"elementor-element elementor-element-30339d3 elementor-widget elementor-widget-image\" data-id=\"30339d3\" data-element_type=\"widget\" data-e-type=\"widget\" data-widget_type=\"image.default\">\n\t\t\t\t<div class=\"elementor-widget-container\">\n\t\t\t\t\t\t\t\t\t\t\t\t\t\t\t\t<a href=\"#top\">\n\t\t\t\t\t\t\t<img decoding=\"async\" width=\"150\" height=\"150\" src=\"https:\/\/bethlennegyed.ro\/wp-content\/uploads\/2022\/07\/output-onlinepngtools-150x150.png\" class=\"attachment-thumbnail size-thumbnail wp-image-245\" alt=\"\" \/>\t\t\t\t\t\t\t\t<\/a>\n\t\t\t\t\t\t\t\t\t\t\t\t\t\t\t<\/div>\n\t\t\t\t<\/div>\n\t\t\t\t\t<\/div>\n\t\t<\/div>\n\t\t\t\t\t<\/div>\n\t\t<\/section>\n\t\t\t\t<\/div>\n\t\t","protected":false},"excerpt":{"rendered":"<p>Program Kapcsolat Lelk\u00e9szi Hivatal A Templom A Lelk\u00e9szi Hivatal programja A Lelk\u00e9szi Hivatal a h\u00e9t minden munkanapj\u00e1n nyitva van. Programja: H\u00e9tf\u015113:00-19:00Kedd09:00-14:00Szerda09:00-14:00Cs\u00fct\u00f6rt\u00f6k13:00-19:00P\u00e9ntek09:00-14:00 A nevezett id\u0151pontokon k\u00edv\u00fcl az istentiszteletek el\u0151tt \u00e9s ut\u00e1na is nyitva van a lelk\u00e9szi hivatal. Kapcsolat Sz\u00e9kelyudvarhely, Cip\u00e9szek utca 16. sz\u00e1mCsak nyitvatart\u00e1si id\u0151ben el\u00e9rhet\u0151 vezet\u00e9kes telefonsz\u00e1m: +40 266\u00a0215 627Hivatali id\u0151ben \u00e9s kiz\u00e1r\u00f3lag rendk\u00edv\u00fcli esetek [&hellip;]<\/p>\n","protected":false},"author":1,"featured_media":0,"parent":0,"menu_order":0,"comment_status":"closed","ping_status":"closed","template":"","meta":{"site-sidebar-layout":"no-sidebar","site-content-layout":"page-builder","ast-site-content-layout":"default","site-content-style":"default","site-sidebar-style":"default","ast-global-header-display":"","ast-banner-title-visibility":"","ast-main-header-display":"","ast-hfb-above-header-display":"","ast-hfb-below-header-display":"","ast-hfb-mobile-header-display":"","site-post-title":"disabled","ast-breadcrumbs-content":"","ast-featured-img":"disabled","footer-sml-layout":"","ast-disable-related-posts":"","theme-transparent-header-meta":"","adv-header-id-meta":"","stick-header-meta":"","header-above-stick-meta":"","header-main-stick-meta":"","header-below-stick-meta":"","astra-migrate-meta-layouts":"default","ast-page-background-enabled":"default","ast-page-background-meta":{"desktop":{"background-color":"var(--ast-global-color-4)","background-image":"","background-repeat":"repeat","background-position":"center center","background-size":"auto","background-attachment":"scroll","background-type":"","background-media":"","overlay-type":"","overlay-color":"","overlay-opacity":"","overlay-gradient":""},"tablet":{"background-color":"","background-image":"","background-repeat":"repeat","background-position":"center center","background-size":"auto","background-attachment":"scroll","background-type":"","background-media":"","overlay-type":"","overlay-color":"","overlay-opacity":"","overlay-gradient":""},"mobile":{"background-color":"","background-image":"","background-repeat":"repeat","background-position":"center center","background-size":"auto","background-attachment":"scroll","background-type":"","background-media":"","overlay-type":"","overlay-color":"","overlay-opacity":"","overlay-gradient":""}},"ast-content-background-meta":{"desktop":{"background-color":"var(--ast-global-color-5)","background-image":"","background-repeat":"repeat","background-position":"center center","background-size":"auto","background-attachment":"scroll","background-type":"","background-media":"","overlay-type":"","overlay-color":"","overlay-opacity":"","overlay-gradient":""},"tablet":{"background-color":"var(--ast-global-color-5)","background-image":"","background-repeat":"repeat","background-position":"center center","background-size":"auto","background-attachment":"scroll","background-type":"","background-media":"","overlay-type":"","overlay-color":"","overlay-opacity":"","overlay-gradient":""},"mobile":{"background-color":"var(--ast-global-color-5)","background-image":"","background-repeat":"repeat","background-position":"center center","background-size":"auto","background-attachment":"scroll","background-type":"","background-media":"","overlay-type":"","overlay-color":"","overlay-opacity":"","overlay-gradient":""}},"footnotes":""},"class_list":["post-39","page","type-page","status-publish","hentry"],"_links":{"self":[{"href":"http:\/\/bethlennegyed.ro\/index.php?rest_route=\/wp\/v2\/pages\/39","targetHints":{"allow":["GET"]}}],"collection":[{"href":"http:\/\/bethlennegyed.ro\/index.php?rest_route=\/wp\/v2\/pages"}],"about":[{"href":"http:\/\/bethlennegyed.ro\/index.php?rest_route=\/wp\/v2\/types\/page"}],"author":[{"embeddable":true,"href":"http:\/\/bethlennegyed.ro\/index.php?rest_route=\/wp\/v2\/users\/1"}],"replies":[{"embeddable":true,"href":"http:\/\/bethlennegyed.ro\/index.php?rest_route=%2Fwp%2Fv2%2Fcomments&post=39"}],"version-history":[{"count":58,"href":"http:\/\/bethlennegyed.ro\/index.php?rest_route=\/wp\/v2\/pages\/39\/revisions"}],"predecessor-version":[{"id":569,"href":"http:\/\/bethlennegyed.ro\/index.php?rest_route=\/wp\/v2\/pages\/39\/revisions\/569"}],"wp:attachment":[{"href":"http:\/\/bethlennegyed.ro\/index.php?rest_route=%2Fwp%2Fv2%2Fmedia&parent=39"}],"curies":[{"name":"wp","href":"https:\/\/api.w.org\/{rel}","templated":true}]}}