{"id":41,"date":"2022-07-13T15:36:44","date_gmt":"2022-07-13T12:36:44","guid":{"rendered":"https:\/\/bethlennegyed.ro\/?page_id=41"},"modified":"2026-01-14T17:49:51","modified_gmt":"2026-01-14T14:49:51","slug":"kozerdeku-informaciok","status":"publish","type":"page","link":"http:\/\/bethlennegyed.ro\/?page_id=41","title":{"rendered":"K\u00f6z\u00e9rdek\u0171 Inform\u00e1ci\u00f3k"},"content":{"rendered":"\t\t<div data-elementor-type=\"wp-page\" data-elementor-id=\"41\" class=\"elementor elementor-41\">\n\t\t\t\t\t\t<section class=\"elementor-section elementor-top-section elementor-element elementor-element-6ae8d58 elementor-section-boxed elementor-section-height-default elementor-section-height-default\" data-id=\"6ae8d58\" data-element_type=\"section\" data-e-type=\"section\">\n\t\t\t\t\t\t<div class=\"elementor-container elementor-column-gap-default\">\n\t\t\t\t\t<div class=\"elementor-column elementor-col-100 elementor-top-column elementor-element elementor-element-fc84367\" data-id=\"fc84367\" data-element_type=\"column\" data-e-type=\"column\">\n\t\t\t<div class=\"elementor-widget-wrap elementor-element-populated\">\n\t\t\t\t\t\t<section class=\"elementor-section elementor-inner-section elementor-element elementor-element-aad8e87 elementor-section-boxed elementor-section-height-default elementor-section-height-default\" data-id=\"aad8e87\" data-element_type=\"section\" data-e-type=\"section\">\n\t\t\t\t\t\t<div class=\"elementor-container elementor-column-gap-default\">\n\t\t\t\t\t<div class=\"elementor-column elementor-col-50 elementor-inner-column elementor-element elementor-element-ace4ee0\" data-id=\"ace4ee0\" data-element_type=\"column\" data-e-type=\"column\">\n\t\t\t<div class=\"elementor-widget-wrap elementor-element-populated\">\n\t\t\t\t\t\t<div class=\"elementor-element elementor-element-97b317e elementor-align-center elementor-widget elementor-widget-button\" data-id=\"97b317e\" data-element_type=\"widget\" data-e-type=\"widget\" id=\"top\" data-widget_type=\"button.default\">\n\t\t\t\t<div class=\"elementor-widget-container\">\n\t\t\t\t\t\t\t\t\t<div class=\"elementor-button-wrapper\">\n\t\t\t\t\t<a class=\"elementor-button elementor-button-link elementor-size-lg\" href=\"#egyhaz\">\n\t\t\t\t\t\t<span class=\"elementor-button-content-wrapper\">\n\t\t\t\t\t\t\t\t\t<span class=\"elementor-button-text\">Egyh\u00e1zfenntart\u00f3i adom\u00e1ny<\/span>\n\t\t\t\t\t<\/span>\n\t\t\t\t\t<\/a>\n\t\t\t\t<\/div>\n\t\t\t\t\t\t\t\t<\/div>\n\t\t\t\t<\/div>\n\t\t\t\t<div class=\"elementor-element elementor-element-daf447e elementor-align-center elementor-widget elementor-widget-button\" data-id=\"daf447e\" data-element_type=\"widget\" data-e-type=\"widget\" data-widget_type=\"button.default\">\n\t\t\t\t<div class=\"elementor-widget-container\">\n\t\t\t\t\t\t\t\t\t<div class=\"elementor-button-wrapper\">\n\t\t\t\t\t<a class=\"elementor-button elementor-button-link elementor-size-lg\" href=\"#keresztel\">\n\t\t\t\t\t\t<span class=\"elementor-button-content-wrapper\">\n\t\t\t\t\t\t\t\t\t<span class=\"elementor-button-text\">Keresztel\u00e9sek<\/span>\n\t\t\t\t\t<\/span>\n\t\t\t\t\t<\/a>\n\t\t\t\t<\/div>\n\t\t\t\t\t\t\t\t<\/div>\n\t\t\t\t<\/div>\n\t\t\t\t<div class=\"elementor-element elementor-element-ebda715 elementor-align-center elementor-widget elementor-widget-button\" data-id=\"ebda715\" data-element_type=\"widget\" data-e-type=\"widget\" data-widget_type=\"button.default\">\n\t\t\t\t<div class=\"elementor-widget-container\">\n\t\t\t\t\t\t\t\t\t<div class=\"elementor-button-wrapper\">\n\t\t\t\t\t<a class=\"elementor-button elementor-button-link elementor-size-lg\" href=\"#konfi\">\n\t\t\t\t\t\t<span class=\"elementor-button-content-wrapper\">\n\t\t\t\t\t\t\t\t\t<span class=\"elementor-button-text\">Konfirm\u00e1ci\u00f3<\/span>\n\t\t\t\t\t<\/span>\n\t\t\t\t\t<\/a>\n\t\t\t\t<\/div>\n\t\t\t\t\t\t\t\t<\/div>\n\t\t\t\t<\/div>\n\t\t\t\t\t<\/div>\n\t\t<\/div>\n\t\t\t\t<div class=\"elementor-column elementor-col-50 elementor-inner-column elementor-element elementor-element-a8eaef5\" data-id=\"a8eaef5\" data-element_type=\"column\" data-e-type=\"column\">\n\t\t\t<div class=\"elementor-widget-wrap elementor-element-populated\">\n\t\t\t\t\t\t<div class=\"elementor-element elementor-element-ae2143b elementor-align-center elementor-widget elementor-widget-button\" data-id=\"ae2143b\" data-element_type=\"widget\" data-e-type=\"widget\" data-widget_type=\"button.default\">\n\t\t\t\t<div class=\"elementor-widget-container\">\n\t\t\t\t\t\t\t\t\t<div class=\"elementor-button-wrapper\">\n\t\t\t\t\t<a class=\"elementor-button elementor-button-link elementor-size-lg\" href=\"#gyermekek\">\n\t\t\t\t\t\t<span class=\"elementor-button-content-wrapper\">\n\t\t\t\t\t\t\t\t\t<span class=\"elementor-button-text\">Istentiszetelet<\/span>\n\t\t\t\t\t<\/span>\n\t\t\t\t\t<\/a>\n\t\t\t\t<\/div>\n\t\t\t\t\t\t\t\t<\/div>\n\t\t\t\t<\/div>\n\t\t\t\t<div class=\"elementor-element elementor-element-a455647 elementor-align-center elementor-widget elementor-widget-button\" data-id=\"a455647\" data-element_type=\"widget\" data-e-type=\"widget\" data-widget_type=\"button.default\">\n\t\t\t\t<div class=\"elementor-widget-container\">\n\t\t\t\t\t\t\t\t\t<div class=\"elementor-button-wrapper\">\n\t\t\t\t\t<a class=\"elementor-button elementor-button-link elementor-size-lg\" href=\"#hazassag\">\n\t\t\t\t\t\t<span class=\"elementor-button-content-wrapper\">\n\t\t\t\t\t\t\t\t\t<span class=\"elementor-button-text\">H\u00e1zass\u00e1gk\u00f6t\u00e9s<\/span>\n\t\t\t\t\t<\/span>\n\t\t\t\t\t<\/a>\n\t\t\t\t<\/div>\n\t\t\t\t\t\t\t\t<\/div>\n\t\t\t\t<\/div>\n\t\t\t\t<div class=\"elementor-element elementor-element-2081aeb elementor-align-center elementor-widget elementor-widget-button\" data-id=\"2081aeb\" data-element_type=\"widget\" data-e-type=\"widget\" data-widget_type=\"button.default\">\n\t\t\t\t<div class=\"elementor-widget-container\">\n\t\t\t\t\t\t\t\t\t<div class=\"elementor-button-wrapper\">\n\t\t\t\t\t<a class=\"elementor-button elementor-button-link elementor-size-lg\" href=\"#temetes\">\n\t\t\t\t\t\t<span class=\"elementor-button-content-wrapper\">\n\t\t\t\t\t\t\t\t\t<span class=\"elementor-button-text\">Temet\u00e9s<\/span>\n\t\t\t\t\t<\/span>\n\t\t\t\t\t<\/a>\n\t\t\t\t<\/div>\n\t\t\t\t\t\t\t\t<\/div>\n\t\t\t\t<\/div>\n\t\t\t\t\t<\/div>\n\t\t<\/div>\n\t\t\t\t\t<\/div>\n\t\t<\/section>\n\t\t\t\t<div class=\"elementor-element elementor-element-a524646 elementor-widget elementor-widget-text-editor\" data-id=\"a524646\" data-element_type=\"widget\" data-e-type=\"widget\" id=\"egyhaz\" data-widget_type=\"text-editor.default\">\n\t\t\t\t<div class=\"elementor-widget-container\">\n\t\t\t\t\t\t\t\t\t<p><strong><u>Egyh\u00e1zfenntart\u00f3i adom\u00e1ny<\/u><\/strong><\/p><div class=\"gmail_default\"><p>A reform\u00e1tus egyh\u00e1zban az egyh\u00e1zfenntart\u00e1s \u00f6sszege az<br \/>\u00e9ves j\u00f6vedelem 1%-a.<\/p><p>Az Erd\u00e9lyi Reform\u00e1tus Egyh\u00e1zker\u00fclet<br \/>2026-ra minimum\u00a0220 lejt javasol egyh\u00e1zfenntart\u00e1sk\u00e9nt.<\/p><p>Egyh\u00e1zk\u00f6zs\u00e9g\u00fcnk Presbit\u00e9riuma tudom\u00e1sul vette az Erd\u00e9lyi Reform\u00e1tus Egyh\u00e1zker\u00fclet hat\u00e1rozat\u00e1t, tov\u00e1bb\u00edtja a h\u00edveknek \u00e9s szeretettel k\u00e9ri, hogy p\u00fcsp\u00f6ks\u00e9g\u00fcnk d\u00f6nt\u00e9s\u00e9t karolj\u00e1k fel. Ugyanakkor, meg\u00e9rt\u00e9ssel javasoljuk, hogy 2026-ban min. 180 lejt fizessenek az egyh\u00e1ztagok.<\/p><\/div>\t\t\t\t\t\t\t\t<\/div>\n\t\t\t\t<\/div>\n\t\t\t\t<div class=\"elementor-element elementor-element-b40fe40 elementor-widget elementor-widget-image\" data-id=\"b40fe40\" data-element_type=\"widget\" data-e-type=\"widget\" data-widget_type=\"image.default\">\n\t\t\t\t<div class=\"elementor-widget-container\">\n\t\t\t\t\t\t\t\t\t\t\t\t\t\t\t\t<a href=\"#top\">\n\t\t\t\t\t\t\t<img decoding=\"async\" width=\"150\" height=\"150\" src=\"http:\/\/bethlennegyed.ro\/wp-content\/uploads\/2022\/07\/output-onlinepngtools-150x150.png\" class=\"attachment-thumbnail size-thumbnail wp-image-245\" alt=\"\" \/>\t\t\t\t\t\t\t\t<\/a>\n\t\t\t\t\t\t\t\t\t\t\t\t\t\t\t<\/div>\n\t\t\t\t<\/div>\n\t\t\t\t<div class=\"elementor-element elementor-element-0b40157 elementor-widget elementor-widget-text-editor\" data-id=\"0b40157\" data-element_type=\"widget\" data-e-type=\"widget\" id=\"keresztel\" data-widget_type=\"text-editor.default\">\n\t\t\t\t<div class=\"elementor-widget-container\">\n\t\t\t\t\t\t\t\t\t<p><strong><u>Keresztel\u00e9sek<\/u><\/strong><\/p><p>Tisztelettel k\u00e9rj\u00fck, hogy a keresztel\u00e9s \u00e9rdek\u00e9ben j\u00f6jjenek be a lelk\u00e9szi hivatalba, vagy el\u0151zetesen<br \/>egyeztessenek telefonon a titk\u00e1rs\u00e1ggal vagy a lelkip\u00e1sztorral!<br \/>Hit\u00fcnk szerint gyermekeinket Krisztus parancsa alapj\u00e1n megkeresztelj\u00fck, \u00e9s bevessz\u00fck az Atya-Fi\u00fa-Szentl\u00e9lek Isten sz\u00f6vets\u00e9g\u00e9be.<br \/>A gyermek, az egyh\u00e1z tagja lesz.<br \/>A reform\u00e1tus egyh\u00e1z rendje szerint a keresztel\u00e9st templomban v\u00e9gezz\u00fck, lehet\u0151leg istentisztelet keret\u00e9ben.<br \/>Rendk\u00edv\u00fcli esem\u00e9ny \u00e1ltal indokolt helyzetben a keresztel\u00e9s elv\u00e9gezhet\u0151 a templomon k\u00edv\u00fcl is.<\/p>\t\t\t\t\t\t\t\t<\/div>\n\t\t\t\t<\/div>\n\t\t\t\t<div class=\"elementor-element elementor-element-a75630f elementor-widget elementor-widget-image\" data-id=\"a75630f\" data-element_type=\"widget\" data-e-type=\"widget\" data-widget_type=\"image.default\">\n\t\t\t\t<div class=\"elementor-widget-container\">\n\t\t\t\t\t\t\t\t\t\t\t\t\t\t\t\t<a href=\"#top\">\n\t\t\t\t\t\t\t<img decoding=\"async\" width=\"150\" height=\"150\" src=\"http:\/\/bethlennegyed.ro\/wp-content\/uploads\/2022\/07\/output-onlinepngtools-150x150.png\" class=\"attachment-thumbnail size-thumbnail wp-image-245\" alt=\"\" \/>\t\t\t\t\t\t\t\t<\/a>\n\t\t\t\t\t\t\t\t\t\t\t\t\t\t\t<\/div>\n\t\t\t\t<\/div>\n\t\t\t\t<div class=\"elementor-element elementor-element-ae0aa79 elementor-widget elementor-widget-text-editor\" data-id=\"ae0aa79\" data-element_type=\"widget\" data-e-type=\"widget\" id=\"konfi\" data-widget_type=\"text-editor.default\">\n\t\t\t\t<div class=\"elementor-widget-container\">\n\t\t\t\t\t\t\t\t\t<p><strong><u>Konfirm\u00e1ci\u00f3<\/u><\/strong><\/p><p>A konfirm\u00e1ci\u00f3ra VII. oszt\u00e1lyos korban ker\u00fcl sor.<br \/>A konfirm\u00e1l\u00e1snak el\u0151felt\u00e9tele a megkeresztel\u00e9s, \u00e9s a k\u00e9t \u00e9ves felk\u00e9sz\u00edt\u0151. A fiatalok VI \u00e9s VII oszt\u00e1lyban j\u00e1rnak k\u00e1t\u00e9ra.<br \/>A reform\u00e1tus egyh\u00e1z rendje szerint a reform\u00e1tus egyh\u00e1ztag a konfirm\u00e1ci\u00f3 \u00e1ltal megvallja Istenhez tartoz\u00e1s\u00e1t, \u00e9s r\u00e9szes\u00fcl a m\u00e1sodik s\u00e1kramentumban, az \u00dar szent vacsor\u00e1j\u00e1ban.<br \/>A konfirm\u00e1ci\u00f3i felk\u00e9sz\u00edt\u0151k mindig \u0151sszel kezd\u0151dnek. Az id\u0151pontot a templomban hirdetj\u00fck.<\/p>\t\t\t\t\t\t\t\t<\/div>\n\t\t\t\t<\/div>\n\t\t\t\t<div class=\"elementor-element elementor-element-daced63 elementor-widget elementor-widget-image\" data-id=\"daced63\" data-element_type=\"widget\" data-e-type=\"widget\" data-widget_type=\"image.default\">\n\t\t\t\t<div class=\"elementor-widget-container\">\n\t\t\t\t\t\t\t\t\t\t\t\t\t\t\t\t<a href=\"#top\">\n\t\t\t\t\t\t\t<img decoding=\"async\" width=\"150\" height=\"150\" src=\"http:\/\/bethlennegyed.ro\/wp-content\/uploads\/2022\/07\/output-onlinepngtools-150x150.png\" class=\"attachment-thumbnail size-thumbnail wp-image-245\" alt=\"\" \/>\t\t\t\t\t\t\t\t<\/a>\n\t\t\t\t\t\t\t\t\t\t\t\t\t\t\t<\/div>\n\t\t\t\t<\/div>\n\t\t\t\t<div class=\"elementor-element elementor-element-6724cb5 elementor-widget elementor-widget-text-editor\" data-id=\"6724cb5\" data-element_type=\"widget\" data-e-type=\"widget\" id=\"gyermekek\" data-widget_type=\"text-editor.default\">\n\t\t\t\t<div class=\"elementor-widget-container\">\n\t\t\t\t\t\t\t\t\t<p><strong><u>Kisgyermekek az istentiszteleten<\/u><\/strong><\/p><p>A gyermekeknek a csal\u00e1ddal egy\u00fctt kell megszokniuk a templomi k\u00f6z\u00f6ss\u00e9ghez val\u00f3 tartoz\u00e1st.<br \/>Ebben nagy feladat h\u00e1rul a csal\u00e1dra, t\u00fcrelm\u00e9re, k\u00f6vetkezetess\u00e9g\u00e9re, hogy a keresztel\u00e9skor v\u00e1llaltakat teljes\u00edteni tudja.<br \/>A gyermekek neveltet\u00e9si m\u00e1ss\u00e1ga, fejl\u0151d\u00e9se \u00e9s temperamentuma k\u00f6vetkezt\u00e9ben a templomi szoktat\u00e1s hossz\u00fa id\u0151t vesz ig\u00e9nybe.<br \/>A k\u00f6vetkezetes nevel\u00e9snek mindig gy\u00fcm\u00f6lcse van.<br \/>A csal\u00e1dokat arra k\u00e9rj\u00fck, felel\u0151ss\u00e9g\u00fck teljes tudat\u00e1ban figyeljenek arra, hogy gyermek\u00fck esetleges hangoskod\u00e1s\u00e1val ne zavarj\u00e1k meg az istentiszteletet. Ennek \u00e9rdek\u00e9ben javasoljuk az \u00f6sszek\u00f6t\u0151ben val\u00f3 \u00fcl\u00e9st, vagy nehezebb helyzetekben a tan\u00e1csterembe val\u00f3 \u00e1tvonul\u00e1st, esetleg a s\u00e9t\u00e1t a templom k\u00f6r\u00fcl.<\/p>\t\t\t\t\t\t\t\t<\/div>\n\t\t\t\t<\/div>\n\t\t\t\t<div class=\"elementor-element elementor-element-4b9f376 elementor-widget elementor-widget-image\" data-id=\"4b9f376\" data-element_type=\"widget\" data-e-type=\"widget\" data-widget_type=\"image.default\">\n\t\t\t\t<div class=\"elementor-widget-container\">\n\t\t\t\t\t\t\t\t\t\t\t\t\t\t\t\t<a href=\"#top\">\n\t\t\t\t\t\t\t<img decoding=\"async\" width=\"150\" height=\"150\" src=\"http:\/\/bethlennegyed.ro\/wp-content\/uploads\/2022\/07\/output-onlinepngtools-150x150.png\" class=\"attachment-thumbnail size-thumbnail wp-image-245\" alt=\"\" \/>\t\t\t\t\t\t\t\t<\/a>\n\t\t\t\t\t\t\t\t\t\t\t\t\t\t\t<\/div>\n\t\t\t\t<\/div>\n\t\t\t\t<div class=\"elementor-element elementor-element-ac7153b elementor-widget elementor-widget-text-editor\" data-id=\"ac7153b\" data-element_type=\"widget\" data-e-type=\"widget\" id=\"hazassag\" data-widget_type=\"text-editor.default\">\n\t\t\t\t<div class=\"elementor-widget-container\">\n\t\t\t\t\t\t\t\t\t<p><strong><u>H\u00e1zass\u00e1gk\u00f6t\u00e9s<\/u><\/strong><\/p><p>Tisztelettel k\u00e9rj\u00fck a h\u00e1zasuland\u00f3kat, hogy h\u00e1zass\u00e1gi sz\u00e1nd\u00e9kuk bejelent\u00e9se \u00e9rdek\u00e9ben j\u00f6jjenek be a<br \/>lelk\u00e9szi hivatalba, vagy el\u0151zetesen egyeztessenek telefonon a titk\u00e1rs\u00e1ggal vagy a lelkip\u00e1sztorral!<br \/>Hit\u00fcnk szerint a h\u00e1zass\u00e1g egy f\u00e9rfinak \u00e9s egy n\u0151nek szeretetben fogant d\u00f6nt\u00e9se alapj\u00e1n k\u00f6ttetik.<br \/>Reform\u00e1tus kereszty\u00e9nekk\u00e9nt, d\u00f6nt\u00e9seinket Isten el\u00e9 vissz\u00fck, sz\u00edne el\u0151tt esk\u00fcv\u00e9ssel meger\u0151s\u00edtj\u00fck, \u00e9s Isten \u00e1ld\u00e1s\u00e1t k\u00e9rj\u00fck.<br \/>Egyh\u00e1zi t\u00f6rv\u00e9nyeink szerint a h\u00e1zass\u00e1gk\u00f6t\u00e9s helye a templom.<\/p>\t\t\t\t\t\t\t\t<\/div>\n\t\t\t\t<\/div>\n\t\t\t\t<div class=\"elementor-element elementor-element-cfdb6d5 elementor-widget elementor-widget-image\" data-id=\"cfdb6d5\" data-element_type=\"widget\" data-e-type=\"widget\" data-widget_type=\"image.default\">\n\t\t\t\t<div class=\"elementor-widget-container\">\n\t\t\t\t\t\t\t\t\t\t\t\t\t\t\t\t<a href=\"#top\">\n\t\t\t\t\t\t\t<img decoding=\"async\" width=\"150\" height=\"150\" src=\"http:\/\/bethlennegyed.ro\/wp-content\/uploads\/2022\/07\/output-onlinepngtools-150x150.png\" class=\"attachment-thumbnail size-thumbnail wp-image-245\" alt=\"\" \/>\t\t\t\t\t\t\t\t<\/a>\n\t\t\t\t\t\t\t\t\t\t\t\t\t\t\t<\/div>\n\t\t\t\t<\/div>\n\t\t\t\t<div class=\"elementor-element elementor-element-2535aeb elementor-widget elementor-widget-text-editor\" data-id=\"2535aeb\" data-element_type=\"widget\" data-e-type=\"widget\" id=\"temetes\" data-widget_type=\"text-editor.default\">\n\t\t\t\t<div class=\"elementor-widget-container\">\n\t\t\t\t\t\t\t\t\t<p><strong><u>Temet\u00e9s<\/u><\/strong><\/p><p>Tisztelettel k\u00e9rj\u00fck, hogy elhal\u00e1loz\u00e1s eset\u00e9n a csal\u00e1dtagok min\u00e9l hamarabb vegy\u00e9k fel a kapcsolatot az egyh\u00e1zzal,<br \/>a tov\u00e1bbi teend\u0151k megbesz\u00e9l\u00e9se \u00e9rdek\u00e9ben!<br \/>A reform\u00e1tus egyh\u00e1zi temet\u00e9s a vigasztal\u00f3 Istenre tekint, aki Krisztusban megv\u00e1ltott \u00e9s sz\u00e1munkra \u00f6r\u00f6k\u00e9let \u00edg\u00e9ret\u00e9t aj\u00e1nd\u00e9kozta.<br \/>Amennyiben az elhunyt szem\u00e9ly nem volt h\u0171s\u00e9ges egyh\u00e1ztag, nem j\u00e1rt templomba,<br \/>nem adom\u00e1nyozott egyh\u00e1za sz\u00e1m\u00e1ra, nem t\u00e1mogatta egyh\u00e1z\u00e1t az \u00e9ves fenntart\u00f3i j\u00e1rul\u00e9kkal,<br \/>ebben az esetben a legkevesebb elv\u00e1r\u00e1sa a gy\u00fclekezetnek, hogy az egyh\u00e1zi temet\u00e9st ig\u00e9nyl\u0151 csal\u00e1dtagok nagyobb adom\u00e1nyukkal<br \/>t\u00e1mogass\u00e1k az egyh\u00e1zk\u00f6zs\u00e9get, amelynek szolg\u00e1lat\u00e1t k\u00e9rik.<br \/>Magyar\u00e1n mondva: az elhunyt egyh\u00e1zfenntart\u00f3i tartoz\u00e1s\u00e1t a temet\u00e9s el\u0151tt a hozz\u00e1tartoz\u00f3knak t\u00f6rleszteni\u00fck kell.<br \/>Az \u00f6sszeg a ki nem fizetett \u00e9vek sz\u00e1ma szerint v\u00e1ltozik. Adott esetben 15 \u00e9v \u00f6sszege is lehet. Mindig az aktu\u00e1lis \u00e9v fenntart\u00f3i adom\u00e1ny\u00e1nak \u00f6sszeg\u00e9t szorozzuk a h\u00e1tr\u00e1l\u00e9kos \u00e9vek, \u00e9s a csal\u00e1d feln\u0151tt reform\u00e1tus tagjainak sz\u00e1m\u00e1val.<br \/>Az egyh\u00e1zk\u00f6zs\u00e9gnek temet\u0151je nincsen. Elhunyt szeretteinket a v\u00e1ros valamely<br \/>temet\u0151j\u00e9ben helyezhetj\u00fck \u00f6r\u00f6k nyugalomra. A helyet a csal\u00e1dnak kell megkeresnie.<br \/>Az Udvarhelyen k\u00edv\u00fcli temet\u00e9sek nem tartoznak hat\u00e1sk\u00f6r\u00fcnkbe, az udvarhelyi lelk\u00e9szeknek nem feladatk\u00f6r\u00fck m\u00e1s telep\u00fcl\u00e9sen temetni.<br \/>Amennyiben a csal\u00e1d nem Udvarhelyen temetkezik, a helyi egyh\u00e1zk\u00f6zs\u00e9g lelkip\u00e1sztor\u00e1val kell megbesz\u00e9lnie a temet\u00e9s szolg\u00e1lat\u00e1t.<\/p>\t\t\t\t\t\t\t\t<\/div>\n\t\t\t\t<\/div>\n\t\t\t\t<div class=\"elementor-element elementor-element-cbe280d elementor-widget elementor-widget-image\" data-id=\"cbe280d\" data-element_type=\"widget\" data-e-type=\"widget\" data-widget_type=\"image.default\">\n\t\t\t\t<div class=\"elementor-widget-container\">\n\t\t\t\t\t\t\t\t\t\t\t\t\t\t\t\t<a href=\"#top\">\n\t\t\t\t\t\t\t<img decoding=\"async\" width=\"150\" height=\"150\" src=\"http:\/\/bethlennegyed.ro\/wp-content\/uploads\/2022\/07\/output-onlinepngtools-150x150.png\" class=\"attachment-thumbnail size-thumbnail wp-image-245\" alt=\"\" \/>\t\t\t\t\t\t\t\t<\/a>\n\t\t\t\t\t\t\t\t\t\t\t\t\t\t\t<\/div>\n\t\t\t\t<\/div>\n\t\t\t\t\t<\/div>\n\t\t<\/div>\n\t\t\t\t\t<\/div>\n\t\t<\/section>\n\t\t\t\t<\/div>\n\t\t","protected":false},"excerpt":{"rendered":"<p>Egyh\u00e1zfenntart\u00f3i adom\u00e1ny Keresztel\u00e9sek Konfirm\u00e1ci\u00f3 Istentiszetelet H\u00e1zass\u00e1gk\u00f6t\u00e9s Temet\u00e9s Egyh\u00e1zfenntart\u00f3i adom\u00e1ny A reform\u00e1tus egyh\u00e1zban az egyh\u00e1zfenntart\u00e1s \u00f6sszege az\u00e9ves j\u00f6vedelem 1%-a. Az Erd\u00e9lyi Reform\u00e1tus Egyh\u00e1zker\u00fclet2026-ra minimum\u00a0220 lejt javasol egyh\u00e1zfenntart\u00e1sk\u00e9nt. Egyh\u00e1zk\u00f6zs\u00e9g\u00fcnk Presbit\u00e9riuma tudom\u00e1sul vette az Erd\u00e9lyi Reform\u00e1tus Egyh\u00e1zker\u00fclet hat\u00e1rozat\u00e1t, tov\u00e1bb\u00edtja a h\u00edveknek \u00e9s szeretettel k\u00e9ri, hogy p\u00fcsp\u00f6ks\u00e9g\u00fcnk d\u00f6nt\u00e9s\u00e9t karolj\u00e1k fel. Ugyanakkor, meg\u00e9rt\u00e9ssel javasoljuk, hogy 2026-ban min. 180 lejt fizessenek [&hellip;]<\/p>\n","protected":false},"author":1,"featured_media":0,"parent":0,"menu_order":0,"comment_status":"closed","ping_status":"closed","template":"","meta":{"site-sidebar-layout":"no-sidebar","site-content-layout":"page-builder","ast-site-content-layout":"default","site-content-style":"default","site-sidebar-style":"default","ast-global-header-display":"","ast-banner-title-visibility":"","ast-main-header-display":"","ast-hfb-above-header-display":"","ast-hfb-below-header-display":"","ast-hfb-mobile-header-display":"","site-post-title":"disabled","ast-breadcrumbs-content":"","ast-featured-img":"disabled","footer-sml-layout":"","ast-disable-related-posts":"","theme-transparent-header-meta":"","adv-header-id-meta":"","stick-header-meta":"","header-above-stick-meta":"","header-main-stick-meta":"","header-below-stick-meta":"","astra-migrate-meta-layouts":"default","ast-page-background-enabled":"default","ast-page-background-meta":{"desktop":{"background-color":"var(--ast-global-color-4)","background-image":"","background-repeat":"repeat","background-position":"center center","background-size":"auto","background-attachment":"scroll","background-type":"","background-media":"","overlay-type":"","overlay-color":"","overlay-opacity":"","overlay-gradient":""},"tablet":{"background-color":"","background-image":"","background-repeat":"repeat","background-position":"center center","background-size":"auto","background-attachment":"scroll","background-type":"","background-media":"","overlay-type":"","overlay-color":"","overlay-opacity":"","overlay-gradient":""},"mobile":{"background-color":"","background-image":"","background-repeat":"repeat","background-position":"center center","background-size":"auto","background-attachment":"scroll","background-type":"","background-media":"","overlay-type":"","overlay-color":"","overlay-opacity":"","overlay-gradient":""}},"ast-content-background-meta":{"desktop":{"background-color":"var(--ast-global-color-5)","background-image":"","background-repeat":"repeat","background-position":"center center","background-size":"auto","background-attachment":"scroll","background-type":"","background-media":"","overlay-type":"","overlay-color":"","overlay-opacity":"","overlay-gradient":""},"tablet":{"background-color":"var(--ast-global-color-5)","background-image":"","background-repeat":"repeat","background-position":"center center","background-size":"auto","background-attachment":"scroll","background-type":"","background-media":"","overlay-type":"","overlay-color":"","overlay-opacity":"","overlay-gradient":""},"mobile":{"background-color":"var(--ast-global-color-5)","background-image":"","background-repeat":"repeat","background-position":"center center","background-size":"auto","background-attachment":"scroll","background-type":"","background-media":"","overlay-type":"","overlay-color":"","overlay-opacity":"","overlay-gradient":""}},"footnotes":""},"class_list":["post-41","page","type-page","status-publish","hentry"],"_links":{"self":[{"href":"http:\/\/bethlennegyed.ro\/index.php?rest_route=\/wp\/v2\/pages\/41","targetHints":{"allow":["GET"]}}],"collection":[{"href":"http:\/\/bethlennegyed.ro\/index.php?rest_route=\/wp\/v2\/pages"}],"about":[{"href":"http:\/\/bethlennegyed.ro\/index.php?rest_route=\/wp\/v2\/types\/page"}],"author":[{"embeddable":true,"href":"http:\/\/bethlennegyed.ro\/index.php?rest_route=\/wp\/v2\/users\/1"}],"replies":[{"embeddable":true,"href":"http:\/\/bethlennegyed.ro\/index.php?rest_route=%2Fwp%2Fv2%2Fcomments&post=41"}],"version-history":[{"count":40,"href":"http:\/\/bethlennegyed.ro\/index.php?rest_route=\/wp\/v2\/pages\/41\/revisions"}],"predecessor-version":[{"id":562,"href":"http:\/\/bethlennegyed.ro\/index.php?rest_route=\/wp\/v2\/pages\/41\/revisions\/562"}],"wp:attachment":[{"href":"http:\/\/bethlennegyed.ro\/index.php?rest_route=%2Fwp%2Fv2%2Fmedia&parent=41"}],"curies":[{"name":"wp","href":"https:\/\/api.w.org\/{rel}","templated":true}]}}