{"id":43,"date":"2022-07-13T15:36:44","date_gmt":"2022-07-13T12:36:44","guid":{"rendered":"https:\/\/bethlennegyed.ro\/?page_id=43"},"modified":"2022-07-15T10:01:39","modified_gmt":"2022-07-15T07:01:39","slug":"gyulekezeti-alkalmak","status":"publish","type":"page","link":"http:\/\/bethlennegyed.ro\/?page_id=43","title":{"rendered":"Gy\u00fclekezeti Alkalmak"},"content":{"rendered":"\t\t<div data-elementor-type=\"wp-page\" data-elementor-id=\"43\" class=\"elementor elementor-43\">\n\t\t\t\t\t\t<section class=\"elementor-section elementor-top-section elementor-element elementor-element-1b7247e elementor-section-boxed elementor-section-height-default elementor-section-height-default\" data-id=\"1b7247e\" data-element_type=\"section\" data-e-type=\"section\">\n\t\t\t\t\t\t<div class=\"elementor-container elementor-column-gap-default\">\n\t\t\t\t\t<div class=\"elementor-column elementor-col-100 elementor-top-column elementor-element elementor-element-d0402cb\" data-id=\"d0402cb\" data-element_type=\"column\" data-e-type=\"column\">\n\t\t\t<div class=\"elementor-widget-wrap elementor-element-populated\">\n\t\t\t\t\t\t<div class=\"elementor-element elementor-element-9e9a9d9 elementor-widget elementor-widget-text-editor\" data-id=\"9e9a9d9\" data-element_type=\"widget\" data-e-type=\"widget\" data-widget_type=\"text-editor.default\">\n\t\t\t\t<div class=\"elementor-widget-container\">\n\t\t\t\t\t\t\t\t\t<p><strong>Gy\u00fclekezeti alkalmak:<\/strong><\/p>\t\t\t\t\t\t\t\t<\/div>\n\t\t\t\t<\/div>\n\t\t\t\t<div class=\"elementor-element elementor-element-49ea110 elementor-widget elementor-widget-text-editor\" data-id=\"49ea110\" data-element_type=\"widget\" data-e-type=\"widget\" data-widget_type=\"text-editor.default\">\n\t\t\t\t<div class=\"elementor-widget-container\">\n\t\t\t\t\t\t\t\t\t<p>Istentiszteletek: vas\u00e1rnap 11:00 \u00e9s 17:00 \u00f3rakor.<br \/>Biblia\u00f3r\u00e1k Reform\u00e1ci\u00f3t\u00f3l P\u00fcnk\u00f6sdig cs\u00fct\u00f6rt\u00f6k\u00f6nk\u00e9nt 17:00 \u00f3rakor.<br \/>Vall\u00e1s\u00f3r\u00e1k: szerd\u00e1n 16:00 \u00e9s 17:00 \u00f3rakor.<br \/>K\u00e1t\u00e9 \u00f3r\u00e1k: p\u00e9nteken 16:00 \u00e9s 17:00 \u00f3rakor.<br \/>IKE alkalmak: p\u00e9nteken 18:00 \u00f3rakor.<br \/>A Bethlen G\u00e1bor Dal\u00e1rda pr\u00f3b\u00e1i h\u00e9tf\u0151n 18:00 \u00f3r\u00e1t\u00f3l vannak.<br \/>N\u0151sz\u00f6vets\u00e9gi estet havonta tartunk.<br \/>Kar\u00e1csony, H\u00fasv\u00e9t, P\u00fcnk\u00f6sd I. napja: 10:00, 12:00, 17:00<\/p>\t\t\t\t\t\t\t\t<\/div>\n\t\t\t\t<\/div>\n\t\t\t\t\t<\/div>\n\t\t<\/div>\n\t\t\t\t\t<\/div>\n\t\t<\/section>\n\t\t\t\t<\/div>\n\t\t","protected":false},"excerpt":{"rendered":"<p>Gy\u00fclekezeti alkalmak: Istentiszteletek: vas\u00e1rnap 11:00 \u00e9s 17:00 \u00f3rakor.Biblia\u00f3r\u00e1k Reform\u00e1ci\u00f3t\u00f3l P\u00fcnk\u00f6sdig cs\u00fct\u00f6rt\u00f6k\u00f6nk\u00e9nt 17:00 \u00f3rakor.Vall\u00e1s\u00f3r\u00e1k: szerd\u00e1n 16:00 \u00e9s 17:00 \u00f3rakor.K\u00e1t\u00e9 \u00f3r\u00e1k: p\u00e9nteken 16:00 \u00e9s 17:00 \u00f3rakor.IKE alkalmak: p\u00e9nteken 18:00 \u00f3rakor.A Bethlen G\u00e1bor Dal\u00e1rda pr\u00f3b\u00e1i h\u00e9tf\u0151n 18:00 \u00f3r\u00e1t\u00f3l vannak.N\u0151sz\u00f6vets\u00e9gi estet havonta tartunk.Kar\u00e1csony, H\u00fasv\u00e9t, P\u00fcnk\u00f6sd I. napja: 10:00, 12:00, 17:00<\/p>\n","protected":false},"author":1,"featured_media":0,"parent":0,"menu_order":0,"comment_status":"closed","ping_status":"closed","template":"","meta":{"site-sidebar-layout":"no-sidebar","site-content-layout":"page-builder","ast-site-content-layout":"default","site-content-style":"default","site-sidebar-style":"default","ast-global-header-display":"","ast-banner-title-visibility":"","ast-main-header-display":"","ast-hfb-above-header-display":"","ast-hfb-below-header-display":"","ast-hfb-mobile-header-display":"","site-post-title":"disabled","ast-breadcrumbs-content":"","ast-featured-img":"disabled","footer-sml-layout":"","ast-disable-related-posts":"","theme-transparent-header-meta":"","adv-header-id-meta":"","stick-header-meta":"","header-above-stick-meta":"","header-main-stick-meta":"","header-below-stick-meta":"","astra-migrate-meta-layouts":"default","ast-page-background-enabled":"default","ast-page-background-meta":{"desktop":{"background-color":"var(--ast-global-color-4)","background-image":"","background-repeat":"repeat","background-position":"center center","background-size":"auto","background-attachment":"scroll","background-type":"","background-media":"","overlay-type":"","overlay-color":"","overlay-opacity":"","overlay-gradient":""},"tablet":{"background-color":"","background-image":"","background-repeat":"repeat","background-position":"center center","background-size":"auto","background-attachment":"scroll","background-type":"","background-media":"","overlay-type":"","overlay-color":"","overlay-opacity":"","overlay-gradient":""},"mobile":{"background-color":"","background-image":"","background-repeat":"repeat","background-position":"center center","background-size":"auto","background-attachment":"scroll","background-type":"","background-media":"","overlay-type":"","overlay-color":"","overlay-opacity":"","overlay-gradient":""}},"ast-content-background-meta":{"desktop":{"background-color":"var(--ast-global-color-5)","background-image":"","background-repeat":"repeat","background-position":"center center","background-size":"auto","background-attachment":"scroll","background-type":"","background-media":"","overlay-type":"","overlay-color":"","overlay-opacity":"","overlay-gradient":""},"tablet":{"background-color":"var(--ast-global-color-5)","background-image":"","background-repeat":"repeat","background-position":"center center","background-size":"auto","background-attachment":"scroll","background-type":"","background-media":"","overlay-type":"","overlay-color":"","overlay-opacity":"","overlay-gradient":""},"mobile":{"background-color":"var(--ast-global-color-5)","background-image":"","background-repeat":"repeat","background-position":"center center","background-size":"auto","background-attachment":"scroll","background-type":"","background-media":"","overlay-type":"","overlay-color":"","overlay-opacity":"","overlay-gradient":""}},"footnotes":""},"class_list":["post-43","page","type-page","status-publish","hentry"],"_links":{"self":[{"href":"http:\/\/bethlennegyed.ro\/index.php?rest_route=\/wp\/v2\/pages\/43","targetHints":{"allow":["GET"]}}],"collection":[{"href":"http:\/\/bethlennegyed.ro\/index.php?rest_route=\/wp\/v2\/pages"}],"about":[{"href":"http:\/\/bethlennegyed.ro\/index.php?rest_route=\/wp\/v2\/types\/page"}],"author":[{"embeddable":true,"href":"http:\/\/bethlennegyed.ro\/index.php?rest_route=\/wp\/v2\/users\/1"}],"replies":[{"embeddable":true,"href":"http:\/\/bethlennegyed.ro\/index.php?rest_route=%2Fwp%2Fv2%2Fcomments&post=43"}],"version-history":[{"count":16,"href":"http:\/\/bethlennegyed.ro\/index.php?rest_route=\/wp\/v2\/pages\/43\/revisions"}],"predecessor-version":[{"id":222,"href":"http:\/\/bethlennegyed.ro\/index.php?rest_route=\/wp\/v2\/pages\/43\/revisions\/222"}],"wp:attachment":[{"href":"http:\/\/bethlennegyed.ro\/index.php?rest_route=%2Fwp%2Fv2%2Fmedia&parent=43"}],"curies":[{"name":"wp","href":"https:\/\/api.w.org\/{rel}","templated":true}]}}